{"id":2841,"date":"2025-10-01T16:24:20","date_gmt":"2025-10-01T14:24:20","guid":{"rendered":"https:\/\/crazypizza.com\/privacy-policy\/"},"modified":"2025-10-24T15:10:45","modified_gmt":"2025-10-24T13:10:45","slug":"privacy-policy","status":"publish","type":"page","link":"https:\/\/crazypizza.com\/fr\/privacy-policy\/","title":{"rendered":"Privacy Policy"},"content":{"rendered":"\n<ol class=\"wp-block-list\">\n<li><strong>Introduction<br\/><\/strong><br\/>La pr\u00e9sente politique de confidentialit\u00e9 (ci-apr\u00e8s la \u00ab <strong>Politique de Confidentialit\u00e9<\/strong> \u00bb) d\u00e9crit les finalit\u00e9s et les modalit\u00e9s selon lesquelles Crazy Pizza S.A. (\u00ab <strong>Crazy Pizza<\/strong> \u00bb, la \u00ab <strong>Soci\u00e9t\u00e9<\/strong> \u00bb, \u00ab <strong>Nous<\/strong> \u00bb) g\u00e8re le traitement des donn\u00e9es personnelles (\u00ab <strong>Donn\u00e9es Personnelles<\/strong> \u00bb) des utilisateurs qui consultent la page web de <a href=\"https:\/\/crazypizza.com\/fr\/\">Crazy Pizza<\/a>.<br\/><br\/>Cette politique de confidentialit\u00e9 est fournie uniquement pour le site web de Crazy Pizza (le \u00ab <strong>Site<\/strong> \u00bb) et ne concerne pas d\u2019autres sites et\/ou pages qui pourraient mentionner ou se r\u00e9f\u00e9rer \u00e0 notre Soci\u00e9t\u00e9.<br\/><br\/><\/li>\n\n\n\n<li><strong>Responsable du traitement<\/strong><br\/><strong><br\/><\/strong>Crazy Pizza S.A., dont le si\u00e8ge social est situ\u00e9 au 26, Boulevard Royal, L-2449 Luxembourg, num\u00e9ro de TVA LU34386154, et immatricul\u00e9e au Registre du Commerce et des Soci\u00e9t\u00e9s de Luxembourg sous le num\u00e9ro B221653, traite les Donn\u00e9es Personnelles des utilisateurs qui acc\u00e8dent et naviguent sur le site de la Soci\u00e9t\u00e9 en sa qualit\u00e9 de Responsable du traitement (\u00ab Responsable \u00bb).<br\/>Le Responsable peut \u00eatre contact\u00e9 \u00e0 l\u2019adresse e-mail suivante : <a href=\"mailto:info@crazypizza.com\">info@crazypizza.com<\/a>   <br\/><br\/><\/li>\n\n\n\n<li><strong>Modalit\u00e9s de collecte des donn\u00e9es personnelles<\/strong><br\/><br\/>Crazy Pizza peut collecter des Donn\u00e9es Personnelles de diff\u00e9rentes mani\u00e8res :<br\/><strong>\u2022 Donn\u00e9es personnelles fournies volontairement par l\u2019utilisateur :<\/strong> Crazy Pizza peut recueillir des informations personnelles lorsque les utilisateurs les fournissent activement, par exemple en envoyant une demande \u00e0 la Soci\u00e9t\u00e9 via l\u2019adresse e-mail indiqu\u00e9e sur le Site ou en remplissant le formulaire \u00ab Contactez-nous \u00bb. Nous pouvons \u00e9galement traiter les Donn\u00e9es Personnelles des utilisateurs lorsqu\u2019ils effectuent une r\u00e9servation ou passent une commande directement via notre Site <br\/><br\/><strong>\u2022 Donn\u00e9es personnelles collect\u00e9es lors de la navigation et de l\u2019utilisation du Site :<\/strong> Cela inclut les informations automatiquement recueillies lorsque les utilisateurs naviguent ou interagissent avec le Site. Lors de l\u2019acc\u00e8s au site Crazy Pizza, les utilisateurs peuvent choisir les types de technologies de suivi \u00e0 activer via la banni\u00e8re de cookies sur la page d\u2019accueil. Pour plus d\u2019informations sur les technologies de suivi utilis\u00e9es, veuillez consulter la Politique de Cookies de notre Site  <br\/><br\/><strong>3.1. Quels types de donn\u00e9es personnelles traitons-nous ?<\/strong><br\/><br\/>\u2022 Donn\u00e9es personnelles : Informations d\u2019identification et de contact (nom, adresse e-mail, num\u00e9ro de t\u00e9l\u00e9phone, donn\u00e9es de navigation et toute information fournie par l\u2019utilisateur concernant le motif de contact avec Crazy Pizza). Lors de la passation de commandes via notre Site, nous pouvons utiliser des partenaires commerciaux pour garantir le service demand\u00e9. <br\/><br\/>\u2022 Donn\u00e9es collect\u00e9es lors de la navigation : Lorsque les utilisateurs interagissent avec le Site via un ordinateur ou un appareil mobile, nous pouvons collecter automatiquement des informations sur les m\u00e9thodes d\u2019acc\u00e8s, l\u2019utilisation du site et l\u2019appareil utilis\u00e9 pour se connecter. En plus de la banni\u00e8re de cookies, les utilisateurs peuvent toujours accepter ou refuser ces technologies en modifiant les param\u00e8tres de confidentialit\u00e9 de leur navigateur. <br\/><br\/>\u2022 Profils de r\u00e9seaux sociaux : Lorsque les utilisateurs interagissent avec notre Site via des r\u00e9seaux sociaux, nous pouvons recevoir des informations de la plateforme concern\u00e9e concernant leur compte personnel et toutes donn\u00e9es que la plateforme est autoris\u00e9e \u00e0 partager avec des tiers. Notre Site comprend des liens vers nos pages et profils officiels sur LinkedIn, TikTok et Instagram. <br\/><br\/><\/li>\n\n\n\n<li><strong>Pourquoi traitons-nous les donn\u00e9es personnelles des utilisateurs ?<\/strong><br\/><br\/>Crazy Pizza traite les Donn\u00e9es Personnelles exclusivement pour les finalit\u00e9s suivantes :<br\/><br\/><strong>a. Pour fournir aux utilisateurs des informations sur nos services <\/strong><br\/><br\/>Suite \u00e0 une demande sp\u00e9cifique de l\u2019utilisateur via le Site, nous pouvons le contacter pour fournir des informations concernant nos services, lieux, \u00e9v\u00e9nements et activit\u00e9s.<br\/><br\/><strong>Base l\u00e9gale : <\/strong>le traitement est n\u00e9cessaire pour r\u00e9pondre aux demandes pr\u00e9contractuelles. Si l\u2019utilisateur choisit d\u2019utiliser nos services, le traitement s\u2019effectuera dans le cadre de la relation contractuelle \u00e9tablie avec Crazy Pizza <br\/><br\/><strong>b. Pour permettre aux utilisateurs de r\u00e9server via notre Site <\/strong><br\/><br\/>Lorsqu\u2019un utilisateur souhaite r\u00e9server une table dans l\u2019un de nos \u00e9tablissements, nous proposons un service de r\u00e9servation via notre Site. Nous pouvons faire appel \u00e0 des partenaires commerciaux pour g\u00e9rer la r\u00e9servation et collecter des Donn\u00e9es Personnelles telles que nom, pr\u00e9nom, num\u00e9ro de t\u00e9l\u00e9phone et adresse e-mail. <br\/><br\/>Base l\u00e9gale : le traitement est n\u00e9cessaire pour l\u2019ex\u00e9cution de mesures pr\u00e9contractuelles demand\u00e9es par l\u2019utilisateur.<br\/><br\/><strong>c. Pour permettre aux utilisateurs de passer des commandes directement via notre Site <\/strong><br\/><br\/>Lorsqu\u2019un utilisateur commande un produit sur notre Site, nous pouvons faire appel \u00e0 des partenaires tiers pour l\u2019ex\u00e9cution de la commande et le traitement du paiement. Dans ces cas, nous pouvons collecter des Donn\u00e9es Personnelles (nom, pr\u00e9nom, num\u00e9ro de t\u00e9l\u00e9phone, adresse e-mail) et des informations de paiement. Le traitement des paiements est exclusivement g\u00e9r\u00e9 par des prestataires tiers et non directement par Crazy Pizza.  <br\/><br\/><strong>Base l\u00e9gale :<\/strong> le traitement est n\u00e9cessaire pour l\u2019ex\u00e9cution d\u2019un contrat.<br\/><br\/><strong>d. Pour envoyer des newsletters et communications promotionnelles <\/strong><br\/><br\/>Nous pouvons envoyer des newsletters et messages promotionnels pour informer les utilisateurs sur nos services, promotions, actualit\u00e9s, \u00e9v\u00e9nements exclusifs et partenariats.<br\/><br\/><strong>Base l\u00e9gale :<\/strong> fond\u00e9e sur le consentement explicite de l\u2019utilisateur, qui peut \u00eatre retir\u00e9 \u00e0 tout moment. Le retrait n\u2019affecte pas la l\u00e9galit\u00e9 du traitement ant\u00e9rieur. Le consentement est facultatif et le refus n\u2019impacte pas l\u2019acc\u00e8s de l\u2019utilisateur \u00e0 nos services ou produits.  <br\/><br\/><strong>e. Pour effectuer des activit\u00e9s de \u00ab soft spamming \u00bb <\/strong><br\/><br\/>Si un utilisateur est d\u00e9j\u00e0 client, nous pouvons envoyer des communications promotionnelles sur des offres similaires \u00e0 celles pr\u00e9c\u00e9demment achet\u00e9es, par e-mail.<br\/><br\/><strong>Base l\u00e9gale :<\/strong> notre int\u00e9r\u00eat l\u00e9gitime \u00e0 tenir les clients inform\u00e9s des promotions Crazy Pizza.<br\/><br\/>Les utilisateurs peuvent se d\u00e9sinscrire \u00e0 tout moment via le lien en bas de nos e-mails ou s\u2019opposer au traitement.<br\/><br\/><strong>f. Pour assurer le bon fonctionnement du Site <\/strong><br\/><br\/>Nous collectons et utilisons les Donn\u00e9es Personnelles des utilisateurs pour g\u00e9rer et maintenir la fonctionnalit\u00e9 technique de notre Site et pour r\u00e9pondre aux signalements ou r\u00e9clamations.<br\/><br\/><strong>Base l\u00e9gale :<\/strong> notre int\u00e9r\u00eat l\u00e9gitime \u00e0 assurer le bon fonctionnement technique\/IT du Site.<br\/><br\/><strong>g. Pour informer les utilisateurs des modifications des conditions d\u2019utilisation ou de la pr\u00e9sente Politique de Confidentialit\u00e9 <\/strong><br\/><br\/>Pour envoyer des informations sur les modifications apport\u00e9es aux termes et conditions d&rsquo;utilisation du site Web et fournir la politique de confidentialit\u00e9 mise \u00e0 jour de la soci\u00e9t\u00e9.<br\/><br\/><strong>Base l\u00e9gale :<\/strong> notre int\u00e9r\u00eat l\u00e9gitime \u00e0 tenir les utilisateurs inform\u00e9s de telles mises \u00e0 jour.<br\/><br\/><strong>h. Pour se conformer aux obligations l\u00e9gales <\/strong><br\/><br\/>Pour r\u00e9pondre aux exigences l\u00e9gales ou aux ordres des autorit\u00e9s gouvernementales, y compris \u00e9trang\u00e8res, lorsque la divulgation de Donn\u00e9es Personnelles est n\u00e9cessaire.<br\/><br\/><strong>Base l\u00e9gale :<\/strong> conformit\u00e9 aux obligations l\u00e9gales.<br\/><br\/><strong>i. Pour pr\u00e9venir la fraude et les abus <\/strong><br\/><br\/>Pour d\u00e9tecter et pr\u00e9venir les activit\u00e9s frauduleuses ou criminelles li\u00e9es \u00e0 l\u2019utilisation de nos services.<br\/><br\/><strong>Base l\u00e9gale :<\/strong> notre int\u00e9r\u00eat l\u00e9gitime \u00e0 prot\u00e9ger la Soci\u00e9t\u00e9 contre les activit\u00e9s frauduleuses.<br\/><br\/><strong>j. Pour prot\u00e9ger les int\u00e9r\u00eats juridiques de la Soci\u00e9t\u00e9 <\/strong><br\/><br\/>Pour faire respecter les conditions contractuelles, prot\u00e9ger les op\u00e9rations et d\u00e9fendre nos droits, la vie priv\u00e9e, la s\u00e9curit\u00e9 ou la propri\u00e9t\u00e9, y compris en poursuivant des recours juridiques.<br\/><br\/><strong>Base l\u00e9gale :<\/strong> notre int\u00e9r\u00eat l\u00e9gitime \u00e0 prot\u00e9ger les droits et int\u00e9r\u00eats de la Soci\u00e9t\u00e9 conform\u00e9ment \u00e0 la l\u00e9gislation applicable.<br\/><br\/><\/li>\n\n\n\n<li><strong>Qui a acc\u00e8s aux Donn\u00e9es Personnelles des utilisateurs ?<\/strong><br\/><br\/>Les Donn\u00e9es Personnelles sont trait\u00e9es uniquement par des personnes autoris\u00e9es par le Responsable. Certaines informations peuvent \u00eatre partag\u00e9es avec des entreprises et professionnels fournissant des services pour le compte de Crazy Pizza (ex. SevenRooms et JustEat pour les r\u00e9servations et la gestion des commandes). <br\/><br\/>Les informations personnelles peuvent \u00e9galement \u00eatre partag\u00e9es avec des entreprises appartenant au Majestas Group, dont Crazy Pizza fait partie, \u00e0 des fins de prestation de services. <br\/><br\/>Ces communications respecteront les lois sur la protection des donn\u00e9es en vigueur et, si n\u00e9cessaire, seront r\u00e9gies par des accords de traitement des donn\u00e9es sp\u00e9cifiques conform\u00e9ment \u00e0 l\u2019Article 28 du RGPD.<br\/><br\/>Pour tout traitement effectu\u00e9 hors de l\u2019Union europ\u00e9enne par des soci\u00e9t\u00e9s du Majestas Group, nous veillons \u00e0 ce que les transferts de donn\u00e9es respectent les exigences l\u00e9gales, y compris l\u2019adoption de Clauses Contractuelles Types de la Commission europ\u00e9enne ou des garanties \u00e9quivalentes.<br\/><br\/><\/li>\n\n\n\n<li><strong>Quels sont les droits des utilisateurs concernant leurs Donn\u00e9es Personnelles et comment peuvent-ils \u00eatre exerc\u00e9s ?<\/strong><br\/><br\/>Les utilisateurs ont le droit, \u00e0 tout moment, d\u2019obtenir confirmation de l\u2019existence de leurs donn\u00e9es, d\u2019en v\u00e9rifier l\u2019exactitude et de demander l\u2019acc\u00e8s, la rectification ou l\u2019ach\u00e8vement (Articles 15 et 16 du RGPD), notamment :<br\/><br\/>\u2022 Droit d\u2019acc\u00e8s \u2013 obtenir une copie de leurs informations personnelles ;<br\/><br\/>\u2022 Droit \u00e0 la portabilit\u00e9 des donn\u00e9es \u2013 recevoir leurs donn\u00e9es dans un format structur\u00e9 et les transmettre \u00e0 un autre responsable ;<br\/><br\/>\u2022 Droit de rectification \u2013 faire corriger les donn\u00e9es inexactes ou incompl\u00e8tes sans d\u00e9lai excessif;<br\/><br\/>Conform\u00e9ment aux Articles 17, 18 et 21 du RGPD, les utilisateurs ont \u00e9galement le droit de :<br\/><br\/>\u2022 Droit \u00e0 l\u2019effacement \u2013 demander la suppression de leurs Donn\u00e9es Personnelles sans d\u00e9lai lorsque celles-ci ne sont plus n\u00e9cessaires ;<br\/><br\/>\u2022 Droit de limitation du traitement \u2013 demander une limitation temporaire du traitement dans certaines circonstances.<br\/><br\/>\u2022 Droit d\u2019opposition \u2013 s\u2019opposer au traitement pour des raisons li\u00e9es \u00e0 leur situation particuli\u00e8re ou pour le marketing direct.<br\/><br\/>Si le traitement est bas\u00e9 sur le consentement, les utilisateurs peuvent le retirer \u00e0 tout moment sans affecter la l\u00e9galit\u00e9 du traitement ant\u00e9rieur.<br\/><br\/>Pour exercer ces droits, les utilisateurs peuvent contacter Crazy Pizza \u00e0 <a href=\"mailto:info@crazypizza.com\">info@crazypizza.com<\/a><br\/><br\/><\/li>\n\n\n\n<li><strong>Conservation des donn\u00e9es<\/strong><br\/><br\/>Nous conservons les Donn\u00e9es Personnelles des utilisateurs aussi longtemps que n\u00e9cessaire pour fournir les services demand\u00e9s et pour respecter les obligations contractuelles et l\u00e9gales. Pour les activit\u00e9s promotionnelles, les donn\u00e9es sont stock\u00e9es jusqu\u2019\u00e0 r\u00e9ception d\u2019une demande de suppression. En cas de litiges, les donn\u00e9es peuvent \u00eatre conserv\u00e9es le temps n\u00e9cessaire pour d\u00e9fendre les int\u00e9r\u00eats juridiques du Responsable.  <br\/><br\/><\/li>\n\n\n\n<li><strong>R\u00e9clamations aupr\u00e8s de l\u2019autorit\u00e9 de contr\u00f4le<\/strong><br\/><br\/>Les utilisateurs ont le droit de d\u00e9poser une plainte aupr\u00e8s de la Commission nationale pour la protection des donn\u00e9es (CNPD) : Commission nationale pour la protection des donn\u00e9es, 15, Boulevard du Jazz, L-4370 Belvaux, Luxembourg. Site web : <a href=\"https:\/\/cnpd.public.lu\/fr.html\">https:\/\/cnpd.public.lu\/fr.html<\/a> <\/li>\n<\/ol>\n\n<p><\/p>\n","protected":false},"excerpt":{"rendered":"","protected":false},"author":2,"featured_media":0,"parent":0,"menu_order":100,"comment_status":"closed","ping_status":"closed","template":"","meta":{"inline_featured_image":false,"footnotes":""},"class_list":["post-2841","page","type-page","status-publish","hentry"],"yoast_head":"<!-- This site is optimized with the Yoast SEO plugin v26.4 - https:\/\/yoast.com\/wordpress\/plugins\/seo\/ -->\n<title>Privacy Policy - Crazy Pizza<\/title>\n<meta name=\"robots\" content=\"index, follow, max-snippet:-1, max-image-preview:large, max-video-preview:-1\" \/>\n<link rel=\"canonical\" href=\"https:\/\/crazypizza.com\/fr\/privacy-policy\/\" \/>\n<meta property=\"og:locale\" content=\"fr_FR\" \/>\n<meta property=\"og:type\" content=\"article\" \/>\n<meta property=\"og:title\" content=\"Privacy Policy - Crazy Pizza\" \/>\n<meta property=\"og:url\" content=\"https:\/\/crazypizza.com\/fr\/privacy-policy\/\" \/>\n<meta property=\"og:site_name\" content=\"Crazy Pizza\" \/>\n<meta property=\"article:modified_time\" content=\"2025-10-24T13:10:45+00:00\" \/>\n<meta name=\"twitter:card\" content=\"summary_large_image\" \/>\n<meta name=\"twitter:label1\" content=\"Dur\u00e9e de lecture estim\u00e9e\" \/>\n\t<meta name=\"twitter:data1\" content=\"9 minutes\" \/>\n<script type=\"application\/ld+json\" class=\"yoast-schema-graph\">{\"@context\":\"https:\/\/schema.org\",\"@graph\":[{\"@type\":\"WebPage\",\"@id\":\"https:\/\/crazypizza.com\/fr\/privacy-policy\/\",\"url\":\"https:\/\/crazypizza.com\/fr\/privacy-policy\/\",\"name\":\"Privacy Policy - Crazy Pizza\",\"isPartOf\":{\"@id\":\"https:\/\/crazypizza.com\/#website\"},\"datePublished\":\"2025-10-01T14:24:20+00:00\",\"dateModified\":\"2025-10-24T13:10:45+00:00\",\"breadcrumb\":{\"@id\":\"https:\/\/crazypizza.com\/fr\/privacy-policy\/#breadcrumb\"},\"inLanguage\":\"fr-FR\",\"potentialAction\":[{\"@type\":\"ReadAction\",\"target\":[\"https:\/\/crazypizza.com\/fr\/privacy-policy\/\"]}]},{\"@type\":\"BreadcrumbList\",\"@id\":\"https:\/\/crazypizza.com\/fr\/privacy-policy\/#breadcrumb\",\"itemListElement\":[{\"@type\":\"ListItem\",\"position\":1,\"name\":\"Home\",\"item\":\"https:\/\/crazypizza.com\/\"},{\"@type\":\"ListItem\",\"position\":2,\"name\":\"Privacy Policy\"}]},{\"@type\":\"WebSite\",\"@id\":\"https:\/\/crazypizza.com\/#website\",\"url\":\"https:\/\/crazypizza.com\/\",\"name\":\"Crazy Pizza\",\"description\":\"\",\"publisher\":{\"@id\":\"https:\/\/crazypizza.com\/#organization\"},\"potentialAction\":[{\"@type\":\"SearchAction\",\"target\":{\"@type\":\"EntryPoint\",\"urlTemplate\":\"https:\/\/crazypizza.com\/?s={search_term_string}\"},\"query-input\":{\"@type\":\"PropertyValueSpecification\",\"valueRequired\":true,\"valueName\":\"search_term_string\"}}],\"inLanguage\":\"fr-FR\"},{\"@type\":\"Organization\",\"@id\":\"https:\/\/crazypizza.com\/#organization\",\"name\":\"Crazy Pizza\",\"url\":\"https:\/\/crazypizza.com\/\",\"logo\":{\"@type\":\"ImageObject\",\"inLanguage\":\"fr-FR\",\"@id\":\"https:\/\/crazypizza.com\/#\/schema\/logo\/image\/\",\"url\":\"https:\/\/crazypizza.com\/wp-content\/uploads\/2025\/04\/logo-crazy-pizza.svg\",\"contentUrl\":\"https:\/\/crazypizza.com\/wp-content\/uploads\/2025\/04\/logo-crazy-pizza.svg\",\"width\":371,\"height\":228,\"caption\":\"Crazy Pizza\"},\"image\":{\"@id\":\"https:\/\/crazypizza.com\/#\/schema\/logo\/image\/\"}}]}<\/script>\n<!-- \/ Yoast SEO plugin. -->","yoast_head_json":{"title":"Privacy Policy - Crazy Pizza","robots":{"index":"index","follow":"follow","max-snippet":"max-snippet:-1","max-image-preview":"max-image-preview:large","max-video-preview":"max-video-preview:-1"},"canonical":"https:\/\/crazypizza.com\/fr\/privacy-policy\/","og_locale":"fr_FR","og_type":"article","og_title":"Privacy Policy - Crazy Pizza","og_url":"https:\/\/crazypizza.com\/fr\/privacy-policy\/","og_site_name":"Crazy Pizza","article_modified_time":"2025-10-24T13:10:45+00:00","twitter_card":"summary_large_image","twitter_misc":{"Dur\u00e9e de lecture estim\u00e9e":"9 minutes"},"schema":{"@context":"https:\/\/schema.org","@graph":[{"@type":"WebPage","@id":"https:\/\/crazypizza.com\/fr\/privacy-policy\/","url":"https:\/\/crazypizza.com\/fr\/privacy-policy\/","name":"Privacy Policy - Crazy Pizza","isPartOf":{"@id":"https:\/\/crazypizza.com\/#website"},"datePublished":"2025-10-01T14:24:20+00:00","dateModified":"2025-10-24T13:10:45+00:00","breadcrumb":{"@id":"https:\/\/crazypizza.com\/fr\/privacy-policy\/#breadcrumb"},"inLanguage":"fr-FR","potentialAction":[{"@type":"ReadAction","target":["https:\/\/crazypizza.com\/fr\/privacy-policy\/"]}]},{"@type":"BreadcrumbList","@id":"https:\/\/crazypizza.com\/fr\/privacy-policy\/#breadcrumb","itemListElement":[{"@type":"ListItem","position":1,"name":"Home","item":"https:\/\/crazypizza.com\/"},{"@type":"ListItem","position":2,"name":"Privacy Policy"}]},{"@type":"WebSite","@id":"https:\/\/crazypizza.com\/#website","url":"https:\/\/crazypizza.com\/","name":"Crazy Pizza","description":"","publisher":{"@id":"https:\/\/crazypizza.com\/#organization"},"potentialAction":[{"@type":"SearchAction","target":{"@type":"EntryPoint","urlTemplate":"https:\/\/crazypizza.com\/?s={search_term_string}"},"query-input":{"@type":"PropertyValueSpecification","valueRequired":true,"valueName":"search_term_string"}}],"inLanguage":"fr-FR"},{"@type":"Organization","@id":"https:\/\/crazypizza.com\/#organization","name":"Crazy Pizza","url":"https:\/\/crazypizza.com\/","logo":{"@type":"ImageObject","inLanguage":"fr-FR","@id":"https:\/\/crazypizza.com\/#\/schema\/logo\/image\/","url":"https:\/\/crazypizza.com\/wp-content\/uploads\/2025\/04\/logo-crazy-pizza.svg","contentUrl":"https:\/\/crazypizza.com\/wp-content\/uploads\/2025\/04\/logo-crazy-pizza.svg","width":371,"height":228,"caption":"Crazy Pizza"},"image":{"@id":"https:\/\/crazypizza.com\/#\/schema\/logo\/image\/"}}]}},"_links":{"self":[{"href":"https:\/\/crazypizza.com\/fr\/wp-json\/wp\/v2\/pages\/2841","targetHints":{"allow":["GET"]}}],"collection":[{"href":"https:\/\/crazypizza.com\/fr\/wp-json\/wp\/v2\/pages"}],"about":[{"href":"https:\/\/crazypizza.com\/fr\/wp-json\/wp\/v2\/types\/page"}],"author":[{"embeddable":true,"href":"https:\/\/crazypizza.com\/fr\/wp-json\/wp\/v2\/users\/2"}],"replies":[{"embeddable":true,"href":"https:\/\/crazypizza.com\/fr\/wp-json\/wp\/v2\/comments?post=2841"}],"version-history":[{"count":5,"href":"https:\/\/crazypizza.com\/fr\/wp-json\/wp\/v2\/pages\/2841\/revisions"}],"predecessor-version":[{"id":2875,"href":"https:\/\/crazypizza.com\/fr\/wp-json\/wp\/v2\/pages\/2841\/revisions\/2875"}],"wp:attachment":[{"href":"https:\/\/crazypizza.com\/fr\/wp-json\/wp\/v2\/media?parent=2841"}],"curies":[{"name":"wp","href":"https:\/\/api.w.org\/{rel}","templated":true}]}}