{"id":2835,"date":"2025-10-01T16:24:20","date_gmt":"2025-10-01T14:24:20","guid":{"rendered":"https:\/\/crazypizza.com\/privacy-policy\/"},"modified":"2025-10-24T15:09:56","modified_gmt":"2025-10-24T13:09:56","slug":"privacy-policy","status":"publish","type":"page","link":"https:\/\/crazypizza.com\/it\/privacy-policy\/","title":{"rendered":"Privacy Policy"},"content":{"rendered":"\n<ol class=\"wp-block-list\">\n<li><strong>Premessa<\/strong><br\/><br\/>La presente informativa sulla privacy (d\u2019ora in avanti anche &#8220;<strong>Informativa privacy<\/strong>&#8220;) descrive le finalit\u00e0 e le modalit\u00e0 con cui Crazy Pizza S.A. (\u201c<strong>Crazy Pizza<\/strong>\u201d, \u201c<strong>Societ\u00e0<\/strong>\u201d, \u201c<strong>Noi<\/strong>\u201d) gestisce il trattamento dei dati personali (\u201c<strong>Dati Personali<\/strong>\u201d) degli utenti che consultano la pagina web <a href=\"https:\/\/crazypizza.com\/it\/\">Crazy Pizza<\/a>.<br\/><br\/>L&#8217;informativa \u00e8 resa solo per il sito web di Crazy Pizza (\u201c<strong>Sito<\/strong>\u201d) e non riguarda altri siti e\/o pagine che potrebbero eventualmente menzionare o riferirsi alla Nostra Societ\u00e0.<br\/><br\/><\/li>\n\n\n\n<li><strong>Titolare del trattamento<\/strong><br\/><strong><br\/><\/strong>Crazy Pizza S.A., con sede in 26, Boulevard Royal L-2449 Lussemburgo, P.Iva n. LU34386154 e iscrizione al registro delle imprese n. B221653, tratta i Dati Personali degli utenti che accedono e navigano sul Sito web della Societ\u00e0 in qualit\u00e0 di titolare del trattamento dei Dati Personali (\u201c<g id=\"gid_0\">Titolare<\/g>\u201d). Il Titolare pu\u00f2 essere contattato al seguente indirizzo e-mail: <a href=\"mailto:info@crazypizza.com\">info@crazypizza.com <\/a>   <br\/><br\/><\/li>\n\n\n\n<li><strong>Modalit\u00e0 di raccolta dei Dati Personali<\/strong><br\/><br\/>Crazy Pizza pu\u00f2 raccogliere i Dati Personali in diversi modi:<br\/><strong>\u2022 Dati Personali forniti volontariamente dall\u2019utente:<\/strong> Crazy Pizza pu\u00f2 raccogliere le informazioni personali che riguardano l\u2019utente quando vengono fornite attivamente inviando una richiesta alla Societ\u00e0 all\u2019indirizzo e-mail indicato sul Sito web o compilando l\u2019apposito form nella sezione \u201cContact Us\u201d. Potremmo trattare i Dati Personali dell\u2019utente anche quando intende effettuare una prenotazione tramite il Nostro Sito o se desidera ordinare direttamente tramite la Nostra pagina web. <br\/><br\/><strong>\u2022 Personal Data collected through browsing and use of the Website:<\/strong> This includes information automatically gathered while users browse or interact with the Website. Upon accessing the Crazy Pizza Website, users can choose which types of tracking technologies to enable through the cookie banner on the homepage. For more information on tracking technologies used, please refer to our Website\u2019s Cookie Policy.  <br\/><br\/><strong>3.1. Che tipo di Dati Personali trattiamo?<\/strong><br\/><br\/>\u2022 Dati personali &#8211; dati identificativi e di contatto diretti e indiretti (nome, indirizzo e-mail, numero di telefono, dati di navigazione, informazioni fornite dall\u2019utente sulle motivazioni per cui intende contattare Crazy Pizza). In caso di ordini effettuati utilizzando il Nostro Sito web, potremmo avvalerci di partner commerciali per garantire il servizio richiesto. <br\/><br\/>\u2022 Dati raccolti nel corso della navigazione &#8211; quando l\u2019utente interagisce con il Sito attraverso un computer, un dispositivo mobile possiamo raccogliere automaticamente informazioni sulle modalit\u00e0 di accesso e di utilizzo della pagina del Sito nonch\u00e9 informazioni sul dispositivo che utilizza per accedere al Sito. Oltre all\u2019utilizzo del banner sui cookie in calce alla homepage del Nostro Sito, l\u2019utente pu\u00f2 sempre accettare e rifiutare queste tecnologie modificando le impostazioni delle preferenze sulla privacy nelle impostazioni del profilo del proprio browser di navigazione. <br\/><br\/>\u2022 Profili Social &#8211; quando interagisce con il Sito mediante i social, possiamo ricevere informazioni dalla piattaforma social sul suo account personale e ogni altra informazione che permetta al social media di condividere con terze parti. Informiamo gli utenti che sul nostro Sito web sono presenti i seguenti collegamenti alle nostre pagine e ai nostri profili social: Linkedin, Tik Tok, Instagram. <br\/><br\/><\/li>\n\n\n\n<li><strong>Perch\u00e9 trattiamo i Dati Personali dell\u2019utente?<\/strong><br\/><br\/>Crazy Pizza tratta i Dati Personali degli utenti esclusivamente per le seguenti finalit\u00e0:<br\/><br\/><strong>a. Fornire all\u2019utente informazioni richieste in merito ai Nostri servizi <\/strong><br\/><br\/>A seguito di specifiche richieste dell\u2019utente, inviate tramite la pagina del Sito web della Societ\u00e0, potremmo contattare l\u2019utente per informarlo in merito ai Nostri servizi, ai Nostri locali, agli eventi e alle attivit\u00e0 che organizziamo.<br\/><br\/><strong>Base giuridica del trattamento:<\/strong> le informazioni sono trattate per fornire informazioni sui Nostri servizi, in base alle trattative precontrattuali. Nel caso in cui l\u2019utente desideri usufruire dei Nostri servizi, il trattamento dei Dati Personali avverr\u00e0 in base al rapporto contrattuale instaurato con Crazy Pizza. <br\/><br\/><strong>b. Permettere all\u2019utente di effettuare una prenotazione tramite il Nostro Sito <\/strong><br\/><br\/>Nel caso in cui l\u2019utente voglia prenotare un tavolo presso uno dei Nostri locali, garantiamo il servizio di prenotazione anche tramite il Nostro Sito web. In questi casi, potremmo avvalerci di partner commerciali per effettuare la prenotazione richiesta e potremmo richiedere alcuni Dati Personali (nome, cognome, n. di telefono e indirizzo e-mail) all\u2019utente. <br\/><br\/>Base giuridica del trattamento: le informazioni sono trattate per fornire il servizio di prenotazione, in base alle trattative precontrattuali.<br\/><br\/><strong>c. Permettere all\u2019utente di ordinare direttamente dal Nostro Sito <\/strong><br\/><br\/>Nel caso in cui l\u2019utente voglia ordinare un prodotto dal Nostro Sito, potremmo avvalerci di partner commerciali per l\u2019esecuzione dell\u2019ordine e per l\u2019attivit\u00e0 di pagamento. In questi casi, potremmo richiedere all\u2019utente di fornire alcuni Dati Personali (nome, cognome, n. di telefono e indirizzo e-mail) e informazioni sul metodo di pagamento. Precisiamo sin da ora che l\u2019attivit\u00e0 di pagamento viene gestita da nostri provider terzi e non viene effettuata direttamente da Crazy Pizza.  <br\/><br\/><strong>Base giuridica del trattamento:<\/strong> le informazioni sono trattate per fornire il servizio, in base ai Nostri obblighi contrattuali.<br\/><br\/><strong>d. Inviare newsletter e comunicazioni sui Nostri servizi <\/strong><br\/><br\/>Potremmo inviare newsletter e comunicazioni di natura promozionale ai Nostri utenti per informarli in merito ai Nostri servizi, a promozioni, alle novit\u00e0 di Crazy Pizza, a eventi esclusivi organizzati nei Nostri locali e ad attivit\u00e0 organizzate in collaborazione con alcuni partner commerciali.<br\/><br\/><strong>Base giuridica del trattamento:<\/strong> effettueremo tali attivit\u00e0 solo previo esplicito consenso dell\u2019interessato. L\u2019utente \u00e8 libero di revocare il proprio consenso in qualsiasi momento. La revoca del consenso non pregiudica la liceit\u00e0 del trattamento basata sul consenso prima della revoca. Il conferimento dei Dati \u00e8 facoltativo e in caso di rifiuto non vi sar\u00e0 alcun pregiudizio rispetto al contratto e alla fornitura dei servizi e\/o prodotti da parte della Societ\u00e0.  <br\/><br\/><strong>e. Svolgere attivit\u00e0 di soft spamming <\/strong><br\/><br\/>Nel caso in cui l\u2019utente sia gi\u00e0 Nostro cliente e abbia usfruito dei servizi di Crazy Pizza, potremmo inviare comunicazioni di natura promozionale relative a offerte analoghe a quelle per cui ha gi\u00e0 mostrato interesse, tramite e-mail.<br\/><br\/><strong>Base giuridica del trattamento:<\/strong> Il trattamento avviene in base al Nostro legittimo interesse a mantenere aggiornati i Nostri clienti in merito alle novit\u00e0 promosse da Crazy Pizza.<br\/><br\/>L\u2019utente \u00e8 libero di disiscriversi dal servizio di newsletter in qualsiasi momento cliccando sull\u2019apposito link in calce alle Nostre e-mail e di opporsi al trattamento dei propri Dati Personali.<br\/><br\/><strong>f. Garantire il funzionamento del Sito web <\/strong><br\/><br\/>Raccogliamo e utilizziamo i Dati Personali dell\u2019utente per amministrare correttamente il Nostro Sito e garantirne il funzionamento. Possiamo utilizzare le informazioni personali fornite dall\u2019utente per rispondere alle segnalazioni o ai reclami relativi al corretto funzionamento del Sito.<br\/><br\/><strong>Base giuridica del trattamento:<\/strong> il Nostro legittimo interesse a garantire il corretto funzionamento del Sito web dal punto di vista tecnico\/informatico.<br\/><br\/><strong>g. Informare l\u2019utente in merito alle modifiche dei termini e delle condizioni di utilizzo dei Nostri servizi e fornire la presente Privacy Policy <\/strong><br\/><br\/>Per inviare informazioni sulle modifiche dei termini e delle condizioni di utilizzo del Sito web e fornire la Privacy Policy aggiornata della Societ\u00e0.<br\/><br\/><strong>Base giuridica del trattamento:<\/strong> il Nostro legittimo interesse a informare l\u2019utente con largo anticipo dell\u2019entrata in vigore di tali modifiche.<br\/><br\/><strong>h. Rispetto degli obblighi di legge <\/strong><br\/><br\/>Per ottemperare ai Nostri obblighi legali, a ordini delle autorit\u00e0 governative che possono includere anche provvedimenti provenienti da autorit\u00e0 governative straniere, quando riteniamo ragionevolmente di essere obbligati a tali comunicazioni e quando la divulgazione dei Dati Personali dell\u2019utente \u00e8 strettamente necessaria per ottemperare ai suddetti obblighi legali od ordini governativi.<br\/><br\/><strong>Base giuridica del trattamento:<\/strong> rispetto dei Nostri obblighi legali.<br\/><br\/><strong>i. Prevenire frodi e abusi <\/strong><br\/><br\/>Utilizzeremo le informazioni su attivit\u00e0 fraudolente o criminali relative all&#8217;utilizzo dei Nostri servizi ai fini del rilevamento e della prevenzione di frodi o abusi.<br\/><br\/><strong>Base giuridica del trattamento:<\/strong> il Nostro interesse legittimo a proteggere l\u2019organizzazione aziendale da attivit\u00e0 fraudolente.<br\/><br\/><strong>j. Protezione legale dei Nostri interessi <\/strong><br\/><br\/>Per far valere ai sensi di legge i Nostri termini e condizioni contrattuali, proteggere le Nostre operazioni commerciali, proteggere i Nostri diritti, la Nostra privacy, la Nostra sicurezza o propriet\u00e0 e consentirci di perseguire i rimedi giuridici disponibili o limitare gli eventuali danni a nostro carico.<br\/><br\/><strong>Base giuridica del trattamento:<\/strong> il Nostro interesse legittimo a proteggere i diritti e gli interessi della Societ\u00e0 in base alle previsioni di leggi e regolamenti applicabili.<br\/><br\/><\/li>\n\n\n\n<li><strong>A chi sono comunicati i Dati Personali dell\u2019utente?<\/strong><br\/><br\/>I Dati Personali sono trattati esclusivamente da soggetti autorizzati dal Titolare. Alcune informazioni potranno essere comunicate a societ\u00e0 e professionisti che svolgono dei servizi per conto di Crazy Pizza nell\u2019ambito dei servizi descritti nella presente Privacy Policy (es. SevenRooms e JustEat per la prenotazione di tavoli e per la gestione degli ordini). <br\/><br\/>Inoltre, le informazioni personali potranno condivise con le societ\u00e0 facenti parte del gruppo Majestas, di cui Crazy Pizza \u00e8 parte, ai fini dell\u2019erogazione di determinati servizi offerti dalla Societ\u00e0. <br\/><br\/>La comunicazione dei Dati sar\u00e0 effettuata nel pieno rispetto della normativa vigente in materia di protezione di Dati Personali, sottoscrivendo, ove necessario, degli apposti accordi sul trattamento dei Dati ai sensi dell\u2019art. 28 GDPR.<br\/><br\/>Per alcuni trattamenti effettuati dalle societ\u00e0 del gruppo Majestas al di fuori dell\u2019Unione Europea, assicuriamo sin da ora che il trasferimento dei Dati extra-UE avverr\u00e0 in conformit\u00e0 alle disposizioni di legge applicabili stipulando, se necessario, accordi che garantiscano un livello di protezione adeguato e\/o adottando le clausole contrattuali standard previste dalla Commissione Europea.<br\/><br\/><\/li>\n\n\n\n<li><strong>Quali sono i diritti dell\u2019utente in relazione al trattamento dei Dati Personali, come possono essere esercitati?<\/strong><br\/><br\/>I soggetti cui si riferiscono i Dati Personali hanno il diritto in qualunque momento di ottenere la conferma dell&#8217;esistenza o meno dei medesimi dati e di conoscerne il contenuto e l&#8217;origine, verificarne l&#8217;esattezza o chiederne l&#8217;integrazione, l&#8217;aggiornamento, la rettifica (artt. 15 e 16 del Regolamento), e precisamente:<br\/><br\/>\u2022 Diritto di accesso. Il diritto di ottenere l\u2019accesso alle informazioni personali che riguardano l\u2019utente insieme ad alcune informazioni correlate;<br\/><br\/>\u2022 Diritto alla portabilit\u00e0 dei dati. Il diritto di ricevere le informazioni personali in un formato comune e di farle trasferire ad un altro titolare del trattamento;<br\/><br\/>\u2022 Diritto di rettifica. Il diritto di ottenere la rettifica dei Dati Personali senza indebito ritardo qualora i Dati siano inesatti o incompleti;<br\/><br\/>Ai sensi degli artt. 17,18 e 21 del Regolamento si ha il diritto di chiedere la cancellazione, la limitazione del trattamento, la trasformazione in forma anonima o il blocco dei Dati Personali trattati in violazione di legge, nonch\u00e9 di opporsi in ogni caso, per motivi legittimi, al loro trattamento, e precisamente:<br\/><br\/>\u2022 Diritto alla cancellazione. Il diritto di ottenere la cancellazione dei propri Dati Personali senza indebito ritardo in determinate circostanze, come nel caso in cui i Dati Personali non siano pi\u00f9 necessari in relazione alle finalit\u00e0 per le quali sono stati raccolti o trattati;<br\/><br\/>\u2022 Diritto di limitazione di trattamento. Il diritto di ottenere, in specifiche circostanza individuate dalla legge applicale, una limitazione del trattamento dei propri Dati per un determinato di tempo, per esempio quando contestate l\u2019esattezza dei Dati Personali, per il tempo di verificare l\u2019accuratezza e l\u2019esattezza di tali dati.<br\/><br\/>\u2022 Diritto di opposizione. Il diritto di opporsi, per motivi relativi alla vostra situazione particolare, al trattamento dei Dati Personali, e di opporsi al trattamento dei Dati Personali per scopi di marketing diretto, nella misura in cui ci\u00f2 sia collegato a tale marketing diretto.<br\/><br\/>Nel caso in cui un trattamento sia svolto sulla base del consenso, l\u2019utente \u00e8 sempre libero di revocare il consenso prestato. Precisiamo che la revoca del consenso non pregiudica la liceit\u00e0 del trattamento basata sul consenso prima della revoca.<br\/><br\/>I diritti possono essere esercitati contattando Crazy Pizza al seguente indirizzo email <a href=\"mailto:info@crazypizza.com\">info@crazypizza.com<\/a><br\/><br\/><\/li>\n\n\n\n<li><strong>Per quanto tempo conserviamo i Dati Personali?<\/strong><br\/><br\/>Intendiamo conservare i Dati Personali dell\u2019utente per tutto il tempo necessario a fornire i servizi richiesti e in base ai nostri obblighi contrattuali e legali. Per quanto riguarda le attivit\u00e0 promozionali, conserveremo i Dati finch\u00e8 non riceveremo una richiesta di cancellazione da parte dell\u2019Interessato. In caso di controversia, i Dati potranno essere conservati per tutto il periodo necessario a garantire la difesa in giudizio dei diritti e degli interessi del Titolare.  <br\/><br\/><\/li>\n\n\n\n<li><strong>Reclamo all\u2019Autorit\u00e0 Garante per la Protezione dei Dati Personali<\/strong><br\/><br\/>L\u2019Interessato ha la possibilit\u00e0 di proporre reclamo all\u2019Autorit\u00e0 Garante per la Protezione dei Dati Personali del Lussemburgo, Commission nationale pour la protection des donn\u00e9es, 15, Boulevard du Jazz L-4370 Belvaux, contattabile al Sito web <a href=\"https:\/\/cnpd.public.lu\/fr.html\">https:\/\/cnpd.public.lu\/fr.html<\/a> <\/li>\n<\/ol>\n\n<p><\/p>\n","protected":false},"excerpt":{"rendered":"","protected":false},"author":2,"featured_media":0,"parent":0,"menu_order":100,"comment_status":"closed","ping_status":"closed","template":"","meta":{"inline_featured_image":false,"footnotes":""},"class_list":["post-2835","page","type-page","status-publish","hentry"],"yoast_head":"<!-- This site is optimized with the Yoast SEO plugin v26.4 - https:\/\/yoast.com\/wordpress\/plugins\/seo\/ -->\n<title>Privacy Policy - Crazy Pizza<\/title>\n<meta name=\"robots\" content=\"index, follow, max-snippet:-1, max-image-preview:large, max-video-preview:-1\" \/>\n<link rel=\"canonical\" href=\"https:\/\/crazypizza.com\/it\/privacy-policy\/\" \/>\n<meta property=\"og:locale\" content=\"it_IT\" \/>\n<meta property=\"og:type\" content=\"article\" \/>\n<meta property=\"og:title\" content=\"Privacy Policy - Crazy Pizza\" \/>\n<meta property=\"og:url\" content=\"https:\/\/crazypizza.com\/it\/privacy-policy\/\" \/>\n<meta property=\"og:site_name\" content=\"Crazy Pizza\" \/>\n<meta property=\"article:modified_time\" content=\"2025-10-24T13:09:56+00:00\" \/>\n<meta name=\"twitter:card\" content=\"summary_large_image\" \/>\n<meta name=\"twitter:label1\" content=\"Tempo di lettura stimato\" \/>\n\t<meta name=\"twitter:data1\" content=\"10 minuti\" \/>\n<script type=\"application\/ld+json\" class=\"yoast-schema-graph\">{\"@context\":\"https:\/\/schema.org\",\"@graph\":[{\"@type\":\"WebPage\",\"@id\":\"https:\/\/crazypizza.com\/it\/privacy-policy\/\",\"url\":\"https:\/\/crazypizza.com\/it\/privacy-policy\/\",\"name\":\"Privacy Policy - Crazy Pizza\",\"isPartOf\":{\"@id\":\"https:\/\/crazypizza.com\/#website\"},\"datePublished\":\"2025-10-01T14:24:20+00:00\",\"dateModified\":\"2025-10-24T13:09:56+00:00\",\"breadcrumb\":{\"@id\":\"https:\/\/crazypizza.com\/it\/privacy-policy\/#breadcrumb\"},\"inLanguage\":\"it-IT\",\"potentialAction\":[{\"@type\":\"ReadAction\",\"target\":[\"https:\/\/crazypizza.com\/it\/privacy-policy\/\"]}]},{\"@type\":\"BreadcrumbList\",\"@id\":\"https:\/\/crazypizza.com\/it\/privacy-policy\/#breadcrumb\",\"itemListElement\":[{\"@type\":\"ListItem\",\"position\":1,\"name\":\"Home\",\"item\":\"https:\/\/crazypizza.com\/\"},{\"@type\":\"ListItem\",\"position\":2,\"name\":\"Privacy Policy\"}]},{\"@type\":\"WebSite\",\"@id\":\"https:\/\/crazypizza.com\/#website\",\"url\":\"https:\/\/crazypizza.com\/\",\"name\":\"Crazy Pizza\",\"description\":\"\",\"publisher\":{\"@id\":\"https:\/\/crazypizza.com\/#organization\"},\"potentialAction\":[{\"@type\":\"SearchAction\",\"target\":{\"@type\":\"EntryPoint\",\"urlTemplate\":\"https:\/\/crazypizza.com\/?s={search_term_string}\"},\"query-input\":{\"@type\":\"PropertyValueSpecification\",\"valueRequired\":true,\"valueName\":\"search_term_string\"}}],\"inLanguage\":\"it-IT\"},{\"@type\":\"Organization\",\"@id\":\"https:\/\/crazypizza.com\/#organization\",\"name\":\"Crazy Pizza\",\"url\":\"https:\/\/crazypizza.com\/\",\"logo\":{\"@type\":\"ImageObject\",\"inLanguage\":\"it-IT\",\"@id\":\"https:\/\/crazypizza.com\/#\/schema\/logo\/image\/\",\"url\":\"https:\/\/crazypizza.com\/wp-content\/uploads\/2025\/04\/logo-crazy-pizza.svg\",\"contentUrl\":\"https:\/\/crazypizza.com\/wp-content\/uploads\/2025\/04\/logo-crazy-pizza.svg\",\"width\":371,\"height\":228,\"caption\":\"Crazy Pizza\"},\"image\":{\"@id\":\"https:\/\/crazypizza.com\/#\/schema\/logo\/image\/\"}}]}<\/script>\n<!-- \/ Yoast SEO plugin. -->","yoast_head_json":{"title":"Privacy Policy - Crazy Pizza","robots":{"index":"index","follow":"follow","max-snippet":"max-snippet:-1","max-image-preview":"max-image-preview:large","max-video-preview":"max-video-preview:-1"},"canonical":"https:\/\/crazypizza.com\/it\/privacy-policy\/","og_locale":"it_IT","og_type":"article","og_title":"Privacy Policy - Crazy Pizza","og_url":"https:\/\/crazypizza.com\/it\/privacy-policy\/","og_site_name":"Crazy Pizza","article_modified_time":"2025-10-24T13:09:56+00:00","twitter_card":"summary_large_image","twitter_misc":{"Tempo di lettura stimato":"10 minuti"},"schema":{"@context":"https:\/\/schema.org","@graph":[{"@type":"WebPage","@id":"https:\/\/crazypizza.com\/it\/privacy-policy\/","url":"https:\/\/crazypizza.com\/it\/privacy-policy\/","name":"Privacy Policy - Crazy Pizza","isPartOf":{"@id":"https:\/\/crazypizza.com\/#website"},"datePublished":"2025-10-01T14:24:20+00:00","dateModified":"2025-10-24T13:09:56+00:00","breadcrumb":{"@id":"https:\/\/crazypizza.com\/it\/privacy-policy\/#breadcrumb"},"inLanguage":"it-IT","potentialAction":[{"@type":"ReadAction","target":["https:\/\/crazypizza.com\/it\/privacy-policy\/"]}]},{"@type":"BreadcrumbList","@id":"https:\/\/crazypizza.com\/it\/privacy-policy\/#breadcrumb","itemListElement":[{"@type":"ListItem","position":1,"name":"Home","item":"https:\/\/crazypizza.com\/"},{"@type":"ListItem","position":2,"name":"Privacy Policy"}]},{"@type":"WebSite","@id":"https:\/\/crazypizza.com\/#website","url":"https:\/\/crazypizza.com\/","name":"Crazy Pizza","description":"","publisher":{"@id":"https:\/\/crazypizza.com\/#organization"},"potentialAction":[{"@type":"SearchAction","target":{"@type":"EntryPoint","urlTemplate":"https:\/\/crazypizza.com\/?s={search_term_string}"},"query-input":{"@type":"PropertyValueSpecification","valueRequired":true,"valueName":"search_term_string"}}],"inLanguage":"it-IT"},{"@type":"Organization","@id":"https:\/\/crazypizza.com\/#organization","name":"Crazy Pizza","url":"https:\/\/crazypizza.com\/","logo":{"@type":"ImageObject","inLanguage":"it-IT","@id":"https:\/\/crazypizza.com\/#\/schema\/logo\/image\/","url":"https:\/\/crazypizza.com\/wp-content\/uploads\/2025\/04\/logo-crazy-pizza.svg","contentUrl":"https:\/\/crazypizza.com\/wp-content\/uploads\/2025\/04\/logo-crazy-pizza.svg","width":371,"height":228,"caption":"Crazy Pizza"},"image":{"@id":"https:\/\/crazypizza.com\/#\/schema\/logo\/image\/"}}]}},"_links":{"self":[{"href":"https:\/\/crazypizza.com\/it\/wp-json\/wp\/v2\/pages\/2835","targetHints":{"allow":["GET"]}}],"collection":[{"href":"https:\/\/crazypizza.com\/it\/wp-json\/wp\/v2\/pages"}],"about":[{"href":"https:\/\/crazypizza.com\/it\/wp-json\/wp\/v2\/types\/page"}],"author":[{"embeddable":true,"href":"https:\/\/crazypizza.com\/it\/wp-json\/wp\/v2\/users\/2"}],"replies":[{"embeddable":true,"href":"https:\/\/crazypizza.com\/it\/wp-json\/wp\/v2\/comments?post=2835"}],"version-history":[{"count":3,"href":"https:\/\/crazypizza.com\/it\/wp-json\/wp\/v2\/pages\/2835\/revisions"}],"predecessor-version":[{"id":2874,"href":"https:\/\/crazypizza.com\/it\/wp-json\/wp\/v2\/pages\/2835\/revisions\/2874"}],"wp:attachment":[{"href":"https:\/\/crazypizza.com\/it\/wp-json\/wp\/v2\/media?parent=2835"}],"curies":[{"name":"wp","href":"https:\/\/api.w.org\/{rel}","templated":true}]}}