{"id":2729,"date":"2026-02-02T02:02:27","date_gmt":"2026-02-02T01:02:27","guid":{"rendered":"https:\/\/crazypizza.com\/monte-carlo\/evenements\/valentines-2026\/"},"modified":"2026-02-04T14:46:55","modified_gmt":"2026-02-04T13:46:55","slug":"valentine-2026","status":"publish","type":"page","link":"https:\/\/crazypizza.com\/monte-carlo\/fr\/evenements\/valentine-2026\/","title":{"rendered":"Valentine&rsquo;s 2026"},"content":{"rendered":"\t\t<div data-elementor-type=\"wp-page\" data-elementor-id=\"2729\" class=\"elementor elementor-2729 elementor-2725\" data-elementor-post-type=\"page\">\n\t\t\t\t<main class=\"elementor-element elementor-element-f88beb5 e-con-full e-flex e-con e-parent\" data-id=\"f88beb5\" data-element_type=\"container\" data-settings=\"{&quot;background_background&quot;:&quot;classic&quot;}\" aria-label=\"Hero Events\">\n\t\t\t\t<div class=\"elementor-element elementor-element-d3bc0c4 elementor-widget elementor-widget-spacer\" data-id=\"d3bc0c4\" data-element_type=\"widget\" data-widget_type=\"spacer.default\">\n\t\t\t\t<div class=\"elementor-widget-container\">\n\t\t\t\t\t\t\t<div class=\"elementor-spacer\">\n\t\t\t<div class=\"elementor-spacer-inner\"><\/div>\n\t\t<\/div>\n\t\t\t\t\t\t<\/div>\n\t\t\t\t<\/div>\n\t\t<div class=\"elementor-element elementor-element-799a00a e-flex e-con-boxed e-con e-child\" data-id=\"799a00a\" data-element_type=\"container\">\n\t\t\t\t\t<div class=\"e-con-inner\">\n\t\t\t\t<div class=\"elementor-element elementor-element-f2e4119 elementor-invisible elementor-widget elementor-widget-heading\" data-id=\"f2e4119\" data-element_type=\"widget\" data-settings=\"{&quot;_animation&quot;:&quot;fadeIn&quot;,&quot;_animation_delay&quot;:&quot;200&quot;}\" data-widget_type=\"heading.default\">\n\t\t\t\t<div class=\"elementor-widget-container\">\n\t\t\t\t\t<h1 class=\"elementor-heading-title elementor-size-default\">CRAZY VALENTINE\u2019S DAY<\/h1>\t\t\t\t<\/div>\n\t\t\t\t<\/div>\n\t\t\t\t<div class=\"elementor-element elementor-element-4ad22e2 elementor-invisible elementor-widget elementor-widget-text-editor\" data-id=\"4ad22e2\" data-element_type=\"widget\" data-settings=\"{&quot;_animation&quot;:&quot;fadeIn&quot;,&quot;_animation_delay&quot;:&quot;300&quot;}\" data-widget_type=\"text-editor.default\">\n\t\t\t\t<div class=\"elementor-widget-container\">\n\t\t\t\t\t\t\t\t\t<p>14.02.2026<\/p>\t\t\t\t\t\t\t\t<\/div>\n\t\t\t\t<\/div>\n\t\t\t\t\t<\/div>\n\t\t\t\t<\/div>\n\t\t\t\t<div class=\"elementor-element elementor-element-b884f65 elementor-view-default elementor-invisible elementor-widget elementor-widget-icon\" data-id=\"b884f65\" data-element_type=\"widget\" data-settings=\"{&quot;_animation&quot;:&quot;fadeInDown&quot;,&quot;_animation_delay&quot;:&quot;400&quot;}\" data-widget_type=\"icon.default\">\n\t\t\t\t<div class=\"elementor-widget-container\">\n\t\t\t\t\t\t\t<div class=\"elementor-icon-wrapper\">\n\t\t\t<div class=\"elementor-icon\">\n\t\t\t<svg xmlns=\"http:\/\/www.w3.org\/2000\/svg\" id=\"Livello_1\" viewBox=\"0 0 15.5 8.2\"><path d=\"M15.277.235c-.188-.192-.498-.233-.652-.082l-6.875,6.75L.874.153C.723.004.412.042.223.235.035.427.001.738.153.888l7.23,7.098s0,0,0,0l.028.027s0,0,0,0c.078.077.2.126.337.126.14,0,.264-.051.342-.13,0,0,0,.001,0,.001l.023-.022s.006-.007.009-.01L15.347.887c.151-.149.118-.46-.07-.652Z\"><\/path><\/svg>\t\t\t<\/div>\n\t\t<\/div>\n\t\t\t\t\t\t<\/div>\n\t\t\t\t<\/div>\n\t\t\t\t<\/main>\n\t\t<div class=\"elementor-element elementor-element-0bc0fe0 e-flex e-con-boxed e-con e-parent\" data-id=\"0bc0fe0\" data-element_type=\"container\" id=\"event\">\n\t\t\t\t\t<div class=\"e-con-inner\">\n\t\t<div class=\"elementor-element elementor-element-884e219 e-con-full e-flex e-con e-child\" data-id=\"884e219\" data-element_type=\"container\">\n\t\t\t\t<div class=\"elementor-element elementor-element-adda4e5 elementor-invisible elementor-widget elementor-widget-image\" data-id=\"adda4e5\" data-element_type=\"widget\" id=\"event_1_image\" data-settings=\"{&quot;_animation&quot;:&quot;fadeIn&quot;,&quot;_animation_delay&quot;:&quot;100&quot;}\" data-widget_type=\"image.default\">\n\t\t\t\t<div class=\"elementor-widget-container\">\n\t\t\t\t\t\t\t\t\t\t\t\t\t\t\t<img fetchpriority=\"high\" decoding=\"async\" width=\"1707\" height=\"2560\" src=\"https:\/\/crazypizza.com\/monte-carlo\/wp-content\/uploads\/sites\/9\/2026\/02\/@-Fabbio-Galatioto-2025-12-sur-108-scaled.jpg\" class=\"attachment-full size-full wp-image-2653\" alt=\"\" srcset=\"https:\/\/crazypizza.com\/monte-carlo\/wp-content\/uploads\/sites\/9\/2026\/02\/@-Fabbio-Galatioto-2025-12-sur-108-scaled.jpg 1707w, https:\/\/crazypizza.com\/monte-carlo\/wp-content\/uploads\/sites\/9\/2026\/02\/@-Fabbio-Galatioto-2025-12-sur-108-200x300.jpg 200w, https:\/\/crazypizza.com\/monte-carlo\/wp-content\/uploads\/sites\/9\/2026\/02\/@-Fabbio-Galatioto-2025-12-sur-108-683x1024.jpg 683w, https:\/\/crazypizza.com\/monte-carlo\/wp-content\/uploads\/sites\/9\/2026\/02\/@-Fabbio-Galatioto-2025-12-sur-108-768x1152.jpg 768w, https:\/\/crazypizza.com\/monte-carlo\/wp-content\/uploads\/sites\/9\/2026\/02\/@-Fabbio-Galatioto-2025-12-sur-108-1024x1536.jpg 1024w, https:\/\/crazypizza.com\/monte-carlo\/wp-content\/uploads\/sites\/9\/2026\/02\/@-Fabbio-Galatioto-2025-12-sur-108-1365x2048.jpg 1365w\" sizes=\"(max-width: 1707px) 100vw, 1707px\" \/>\t\t\t\t\t\t\t\t\t\t\t\t\t\t\t<\/div>\n\t\t\t\t<\/div>\n\t\t\t\t<\/div>\n\t\t<div class=\"elementor-element elementor-element-95f9dd6 e-con-full e-flex e-con e-child\" data-id=\"95f9dd6\" data-element_type=\"container\">\n\t\t\t\t<div class=\"elementor-element elementor-element-444686f elementor-invisible elementor-widget elementor-widget-heading\" data-id=\"444686f\" data-element_type=\"widget\" data-settings=\"{&quot;_animation&quot;:&quot;fadeIn&quot;,&quot;_animation_delay&quot;:&quot;200&quot;}\" data-widget_type=\"heading.default\">\n\t\t\t\t<div class=\"elementor-widget-container\">\n\t\t\t\t\t<h2 class=\"elementor-heading-title elementor-size-default\">VALENTINE\u2019S<\/h2>\t\t\t\t<\/div>\n\t\t\t\t<\/div>\n\t\t\t\t<div class=\"elementor-element elementor-element-875a11f elementor-invisible elementor-widget elementor-widget-heading\" data-id=\"875a11f\" data-element_type=\"widget\" data-settings=\"{&quot;_animation&quot;:&quot;fadeIn&quot;,&quot;_animation_delay&quot;:&quot;300&quot;}\" data-widget_type=\"heading.default\">\n\t\t\t\t<div class=\"elementor-widget-container\">\n\t\t\t\t\t<h2 class=\"elementor-heading-title elementor-size-default\">No Rules<\/h2>\t\t\t\t<\/div>\n\t\t\t\t<\/div>\n\t\t\t\t<div class=\"elementor-element elementor-element-1f489f9 elementor-invisible elementor-widget elementor-widget-text-editor\" data-id=\"1f489f9\" data-element_type=\"widget\" data-settings=\"{&quot;_animation&quot;:&quot;fadeIn&quot;,&quot;_animation_delay&quot;:&quot;400&quot;}\" data-widget_type=\"text-editor.default\">\n\t\t\t\t<div class=\"elementor-widget-container\">\n\t\t\t\t\t\t\t\t\t<div class=\"elementToProof\"><div class=\"elementToProof\"><p>Pour la Saint-Valentin, aucun plan n\u2019est impos\u00e9. <br>Venez en couple, entre amis, ou simplement pour vous faire plaisir. <br>Quel que soit votre choix, Crazy Pizza transforme la soir\u00e9e en une f\u00eate audacieuse et pleine de surprises, avec des cr\u00e9ations sp\u00e9ciales.<\/p><p>Une Crazy Saint-Valentin o\u00f9 les c\u0153urs battent plus fort et o\u00f9 l\u2019amour devient tout sauf ordinaire.<\/p><\/div><\/div>\t\t\t\t\t\t\t\t<\/div>\n\t\t\t\t<\/div>\n\t\t\t\t<div class=\"elementor-element elementor-element-573ed1e elementor-align-left elementor-invisible elementor-widget elementor-widget-button\" data-id=\"573ed1e\" data-element_type=\"widget\" data-settings=\"{&quot;_animation&quot;:&quot;fadeIn&quot;,&quot;_animation_delay&quot;:&quot;300&quot;}\" data-widget_type=\"button.default\">\n\t\t\t\t<div class=\"elementor-widget-container\">\n\t\t\t\t\t\t\t\t\t<div class=\"elementor-button-wrapper\">\n\t\t\t\t\t<a class=\"elementor-button elementor-button-link elementor-size-sm\" href=\"https:\/\/www.sevenrooms.com\/experiences\/crazypizzamontecarlo\/crazy-valentines-day-5599115442438144\" title=\"Book Now\">\n\t\t\t\t\t\t<span class=\"elementor-button-content-wrapper\">\n\t\t\t\t\t\t\t\t\t<span class=\"elementor-button-text\">RESERVE<\/span>\n\t\t\t\t\t<\/span>\n\t\t\t\t\t<\/a>\n\t\t\t\t<\/div>\n\t\t\t\t\t\t\t\t<\/div>\n\t\t\t\t<\/div>\n\t\t\t\t<\/div>\n\t\t\t\t\t<\/div>\n\t\t\t\t<\/div>\n\t\t\t\t<\/div>\n\t\t","protected":false},"excerpt":{"rendered":"<p>CRAZY VALENTINE\u2019S DAY 14.02.2026 VALENTINE\u2019S No Rules Pour la Saint-Valentin, aucun plan n\u2019est impos\u00e9. Venez en couple, entre amis, ou simplement pour vous faire plaisir. Quel que soit votre choix, Crazy Pizza transforme la soir\u00e9e en une f\u00eate audacieuse et pleine de surprises, avec des cr\u00e9ations sp\u00e9ciales. Une Crazy Saint-Valentin o\u00f9 les c\u0153urs battent plus [&hellip;]<\/p>\n","protected":false},"author":5,"featured_media":2225,"parent":2226,"menu_order":0,"comment_status":"closed","ping_status":"closed","template":"elementor_header_footer","meta":{"inline_featured_image":false,"footnotes":""},"class_list":["post-2729","page","type-page","status-publish","has-post-thumbnail","hentry"],"yoast_head":"<!-- This site is optimized with the Yoast SEO plugin v26.4 - https:\/\/yoast.com\/wordpress\/plugins\/seo\/ -->\n<title>Valentine&#039;s 2026 - Crazy Pizza Monte Carlo<\/title>\n<meta name=\"robots\" content=\"index, follow, max-snippet:-1, max-image-preview:large, max-video-preview:-1\" \/>\n<link rel=\"canonical\" href=\"https:\/\/crazypizza.com\/monte-carlo\/fr\/evenements\/valentine-2026\/\" \/>\n<meta property=\"og:locale\" content=\"fr_FR\" \/>\n<meta property=\"og:type\" content=\"article\" \/>\n<meta property=\"og:title\" content=\"Valentine&#039;s 2026 - Crazy Pizza Monte Carlo\" \/>\n<meta property=\"og:description\" content=\"CRAZY VALENTINE\u2019S DAY 14.02.2026 VALENTINE\u2019S No Rules Pour la Saint-Valentin, aucun plan n\u2019est impos\u00e9. Venez en couple, entre amis, ou simplement pour vous faire plaisir. Quel que soit votre choix, Crazy Pizza transforme la soir\u00e9e en une f\u00eate audacieuse et pleine de surprises, avec des cr\u00e9ations sp\u00e9ciales. Une Crazy Saint-Valentin o\u00f9 les c\u0153urs battent plus [&hellip;]\" \/>\n<meta property=\"og:url\" content=\"https:\/\/crazypizza.com\/monte-carlo\/fr\/evenements\/valentine-2026\/\" \/>\n<meta property=\"og:site_name\" content=\"Crazy Pizza Monte Carlo\" \/>\n<meta property=\"article:modified_time\" content=\"2026-02-04T13:46:55+00:00\" \/>\n<meta property=\"og:image\" content=\"https:\/\/crazypizza.com\/monte-carlo\/wp-content\/uploads\/sites\/9\/2025\/10\/crazy-pizza-events.webp\" \/>\n\t<meta property=\"og:image:width\" content=\"1920\" \/>\n\t<meta property=\"og:image:height\" content=\"1282\" \/>\n\t<meta property=\"og:image:type\" content=\"image\/webp\" \/>\n<meta name=\"twitter:card\" content=\"summary_large_image\" \/>\n<script type=\"application\/ld+json\" class=\"yoast-schema-graph\">{\"@context\":\"https:\/\/schema.org\",\"@graph\":[{\"@type\":\"WebPage\",\"@id\":\"https:\/\/crazypizza.com\/monte-carlo\/fr\/evenements\/valentine-2026\/\",\"url\":\"https:\/\/crazypizza.com\/monte-carlo\/fr\/evenements\/valentine-2026\/\",\"name\":\"Valentine's 2026 - Crazy Pizza Monte Carlo\",\"isPartOf\":{\"@id\":\"https:\/\/crazypizza.com\/monte-carlo\/#website\"},\"primaryImageOfPage\":{\"@id\":\"https:\/\/crazypizza.com\/monte-carlo\/fr\/evenements\/valentine-2026\/#primaryimage\"},\"image\":{\"@id\":\"https:\/\/crazypizza.com\/monte-carlo\/fr\/evenements\/valentine-2026\/#primaryimage\"},\"thumbnailUrl\":\"https:\/\/crazypizza.com\/monte-carlo\/wp-content\/uploads\/sites\/9\/2025\/10\/crazy-pizza-events.webp\",\"datePublished\":\"2026-02-02T01:02:27+00:00\",\"dateModified\":\"2026-02-04T13:46:55+00:00\",\"breadcrumb\":{\"@id\":\"https:\/\/crazypizza.com\/monte-carlo\/fr\/evenements\/valentine-2026\/#breadcrumb\"},\"inLanguage\":\"fr-FR\",\"potentialAction\":[{\"@type\":\"ReadAction\",\"target\":[\"https:\/\/crazypizza.com\/monte-carlo\/fr\/evenements\/valentine-2026\/\"]}]},{\"@type\":\"ImageObject\",\"inLanguage\":\"fr-FR\",\"@id\":\"https:\/\/crazypizza.com\/monte-carlo\/fr\/evenements\/valentine-2026\/#primaryimage\",\"url\":\"https:\/\/crazypizza.com\/monte-carlo\/wp-content\/uploads\/sites\/9\/2025\/10\/crazy-pizza-events.webp\",\"contentUrl\":\"https:\/\/crazypizza.com\/monte-carlo\/wp-content\/uploads\/sites\/9\/2025\/10\/crazy-pizza-events.webp\",\"width\":1920,\"height\":1282},{\"@type\":\"BreadcrumbList\",\"@id\":\"https:\/\/crazypizza.com\/monte-carlo\/fr\/evenements\/valentine-2026\/#breadcrumb\",\"itemListElement\":[{\"@type\":\"ListItem\",\"position\":1,\"name\":\"Home\",\"item\":\"https:\/\/crazypizza.com\/monte-carlo\/\"},{\"@type\":\"ListItem\",\"position\":2,\"name\":\"\u00c9v\u00e9nements\",\"item\":\"https:\/\/crazypizza.com\/monte-carlo\/events\/\"},{\"@type\":\"ListItem\",\"position\":3,\"name\":\"Valentine&#8217;s 2026\"}]},{\"@type\":\"WebSite\",\"@id\":\"https:\/\/crazypizza.com\/monte-carlo\/#website\",\"url\":\"https:\/\/crazypizza.com\/monte-carlo\/\",\"name\":\"Crazy Pizza Monte Carlo\",\"description\":\"\",\"publisher\":{\"@id\":\"https:\/\/crazypizza.com\/monte-carlo\/#organization\"},\"potentialAction\":[{\"@type\":\"SearchAction\",\"target\":{\"@type\":\"EntryPoint\",\"urlTemplate\":\"https:\/\/crazypizza.com\/monte-carlo\/?s={search_term_string}\"},\"query-input\":{\"@type\":\"PropertyValueSpecification\",\"valueRequired\":true,\"valueName\":\"search_term_string\"}}],\"inLanguage\":\"fr-FR\"},{\"@type\":\"Organization\",\"@id\":\"https:\/\/crazypizza.com\/monte-carlo\/#organization\",\"name\":\"Crazy Pizza Monte Carlo\",\"url\":\"https:\/\/crazypizza.com\/monte-carlo\/\",\"logo\":{\"@type\":\"ImageObject\",\"inLanguage\":\"fr-FR\",\"@id\":\"https:\/\/crazypizza.com\/monte-carlo\/#\/schema\/logo\/image\/\",\"url\":\"https:\/\/crazypizza.com\/monte-carlo\/wp-content\/uploads\/sites\/9\/2025\/10\/logo-crazy-pizza-monte-carlo.svg\",\"contentUrl\":\"https:\/\/crazypizza.com\/monte-carlo\/wp-content\/uploads\/sites\/9\/2025\/10\/logo-crazy-pizza-monte-carlo.svg\",\"width\":371,\"height\":270,\"caption\":\"Crazy Pizza Monte Carlo\"},\"image\":{\"@id\":\"https:\/\/crazypizza.com\/monte-carlo\/#\/schema\/logo\/image\/\"}}]}<\/script>\n<!-- \/ Yoast SEO plugin. -->","yoast_head_json":{"title":"Valentine's 2026 - Crazy Pizza Monte Carlo","robots":{"index":"index","follow":"follow","max-snippet":"max-snippet:-1","max-image-preview":"max-image-preview:large","max-video-preview":"max-video-preview:-1"},"canonical":"https:\/\/crazypizza.com\/monte-carlo\/fr\/evenements\/valentine-2026\/","og_locale":"fr_FR","og_type":"article","og_title":"Valentine's 2026 - Crazy Pizza Monte Carlo","og_description":"CRAZY VALENTINE\u2019S DAY 14.02.2026 VALENTINE\u2019S No Rules Pour la Saint-Valentin, aucun plan n\u2019est impos\u00e9. Venez en couple, entre amis, ou simplement pour vous faire plaisir. Quel que soit votre choix, Crazy Pizza transforme la soir\u00e9e en une f\u00eate audacieuse et pleine de surprises, avec des cr\u00e9ations sp\u00e9ciales. Une Crazy Saint-Valentin o\u00f9 les c\u0153urs battent plus [&hellip;]","og_url":"https:\/\/crazypizza.com\/monte-carlo\/fr\/evenements\/valentine-2026\/","og_site_name":"Crazy Pizza Monte Carlo","article_modified_time":"2026-02-04T13:46:55+00:00","og_image":[{"width":1920,"height":1282,"url":"https:\/\/crazypizza.com\/monte-carlo\/wp-content\/uploads\/sites\/9\/2025\/10\/crazy-pizza-events.webp","type":"image\/webp"}],"twitter_card":"summary_large_image","schema":{"@context":"https:\/\/schema.org","@graph":[{"@type":"WebPage","@id":"https:\/\/crazypizza.com\/monte-carlo\/fr\/evenements\/valentine-2026\/","url":"https:\/\/crazypizza.com\/monte-carlo\/fr\/evenements\/valentine-2026\/","name":"Valentine's 2026 - Crazy Pizza Monte Carlo","isPartOf":{"@id":"https:\/\/crazypizza.com\/monte-carlo\/#website"},"primaryImageOfPage":{"@id":"https:\/\/crazypizza.com\/monte-carlo\/fr\/evenements\/valentine-2026\/#primaryimage"},"image":{"@id":"https:\/\/crazypizza.com\/monte-carlo\/fr\/evenements\/valentine-2026\/#primaryimage"},"thumbnailUrl":"https:\/\/crazypizza.com\/monte-carlo\/wp-content\/uploads\/sites\/9\/2025\/10\/crazy-pizza-events.webp","datePublished":"2026-02-02T01:02:27+00:00","dateModified":"2026-02-04T13:46:55+00:00","breadcrumb":{"@id":"https:\/\/crazypizza.com\/monte-carlo\/fr\/evenements\/valentine-2026\/#breadcrumb"},"inLanguage":"fr-FR","potentialAction":[{"@type":"ReadAction","target":["https:\/\/crazypizza.com\/monte-carlo\/fr\/evenements\/valentine-2026\/"]}]},{"@type":"ImageObject","inLanguage":"fr-FR","@id":"https:\/\/crazypizza.com\/monte-carlo\/fr\/evenements\/valentine-2026\/#primaryimage","url":"https:\/\/crazypizza.com\/monte-carlo\/wp-content\/uploads\/sites\/9\/2025\/10\/crazy-pizza-events.webp","contentUrl":"https:\/\/crazypizza.com\/monte-carlo\/wp-content\/uploads\/sites\/9\/2025\/10\/crazy-pizza-events.webp","width":1920,"height":1282},{"@type":"BreadcrumbList","@id":"https:\/\/crazypizza.com\/monte-carlo\/fr\/evenements\/valentine-2026\/#breadcrumb","itemListElement":[{"@type":"ListItem","position":1,"name":"Home","item":"https:\/\/crazypizza.com\/monte-carlo\/"},{"@type":"ListItem","position":2,"name":"\u00c9v\u00e9nements","item":"https:\/\/crazypizza.com\/monte-carlo\/events\/"},{"@type":"ListItem","position":3,"name":"Valentine&#8217;s 2026"}]},{"@type":"WebSite","@id":"https:\/\/crazypizza.com\/monte-carlo\/#website","url":"https:\/\/crazypizza.com\/monte-carlo\/","name":"Crazy Pizza Monte Carlo","description":"","publisher":{"@id":"https:\/\/crazypizza.com\/monte-carlo\/#organization"},"potentialAction":[{"@type":"SearchAction","target":{"@type":"EntryPoint","urlTemplate":"https:\/\/crazypizza.com\/monte-carlo\/?s={search_term_string}"},"query-input":{"@type":"PropertyValueSpecification","valueRequired":true,"valueName":"search_term_string"}}],"inLanguage":"fr-FR"},{"@type":"Organization","@id":"https:\/\/crazypizza.com\/monte-carlo\/#organization","name":"Crazy Pizza Monte Carlo","url":"https:\/\/crazypizza.com\/monte-carlo\/","logo":{"@type":"ImageObject","inLanguage":"fr-FR","@id":"https:\/\/crazypizza.com\/monte-carlo\/#\/schema\/logo\/image\/","url":"https:\/\/crazypizza.com\/monte-carlo\/wp-content\/uploads\/sites\/9\/2025\/10\/logo-crazy-pizza-monte-carlo.svg","contentUrl":"https:\/\/crazypizza.com\/monte-carlo\/wp-content\/uploads\/sites\/9\/2025\/10\/logo-crazy-pizza-monte-carlo.svg","width":371,"height":270,"caption":"Crazy Pizza Monte Carlo"},"image":{"@id":"https:\/\/crazypizza.com\/monte-carlo\/#\/schema\/logo\/image\/"}}]}},"_links":{"self":[{"href":"https:\/\/crazypizza.com\/monte-carlo\/fr\/wp-json\/wp\/v2\/pages\/2729","targetHints":{"allow":["GET"]}}],"collection":[{"href":"https:\/\/crazypizza.com\/monte-carlo\/fr\/wp-json\/wp\/v2\/pages"}],"about":[{"href":"https:\/\/crazypizza.com\/monte-carlo\/fr\/wp-json\/wp\/v2\/types\/page"}],"author":[{"embeddable":true,"href":"https:\/\/crazypizza.com\/monte-carlo\/fr\/wp-json\/wp\/v2\/users\/5"}],"replies":[{"embeddable":true,"href":"https:\/\/crazypizza.com\/monte-carlo\/fr\/wp-json\/wp\/v2\/comments?post=2729"}],"version-history":[{"count":1,"href":"https:\/\/crazypizza.com\/monte-carlo\/fr\/wp-json\/wp\/v2\/pages\/2729\/revisions"}],"predecessor-version":[{"id":2730,"href":"https:\/\/crazypizza.com\/monte-carlo\/fr\/wp-json\/wp\/v2\/pages\/2729\/revisions\/2730"}],"up":[{"embeddable":true,"href":"https:\/\/crazypizza.com\/monte-carlo\/fr\/wp-json\/wp\/v2\/pages\/2226"}],"wp:featuredmedia":[{"embeddable":true,"href":"https:\/\/crazypizza.com\/monte-carlo\/fr\/wp-json\/wp\/v2\/media\/2225"}],"wp:attachment":[{"href":"https:\/\/crazypizza.com\/monte-carlo\/fr\/wp-json\/wp\/v2\/media?parent=2729"}],"curies":[{"name":"wp","href":"https:\/\/api.w.org\/{rel}","templated":true}]}}